{"id":97,"date":"2024-09-30T22:43:53","date_gmt":"2024-09-30T20:43:53","guid":{"rendered":"https:\/\/swissbakerytrophy.ch\/s\/?page_id=97"},"modified":"2024-11-04T15:23:30","modified_gmt":"2024-11-04T14:23:30","slug":"palmares-2025-2027","status":"publish","type":"page","link":"https:\/\/swissbakerytrophy.ch\/s\/palmares-2025-2027\/","title":{"rendered":"Palmar\u00e8s 2025-2027"},"content":{"rendered":"\n<p><strong>Swiss Bakery Trophy Champion<\/strong> (Ce prix r\u00e9compense la meilleure moyenne sur la base de cinq produits)<br>Ackermann Artisan Boulanger S\u00e0rl \u00e0 Grandson (VD)<br><br><strong>Prix pour le meilleur produit de boulangerie<\/strong><br>Baguette au levain aux graines, La Sarrasine S\u00e0rl \u00e0 Lucens (VD)<br><strong><br>Prix pour le meilleur produit de p\u00e2tisserie<\/strong><br>Schoggi-Rahmkirschtorte, Christen Beck AG \u00e0 Buochs (NW)<br><br><strong>Prix pour le meilleur produit de confiserie<\/strong><br>Tuile, Chez S\u00e9verine et Luca \u00e0 Lausanne (VD)<br><br><strong>Prix pour le meilleur produit de snack-traiteur<\/strong><br>Fl\u00fbtes au beurre, Boulangerie Bread Store \u00e0 Crissier (VD)<br><br><strong>Prix Bernhard Aebersold<\/strong> (Ce prix r\u00e9compense le produit le plus cr\u00e9atif)<br>Giandujotto, Confiserie AI Porto \u00e0 Tenero (TI)<br><br><strong>Prix du jubil\u00e9<\/strong> (Sp\u00e9cialement cr\u00e9\u00e9 pour cette 10e \u00e9dition, ce prix r\u00e9compense le meilleur produit m\u00e9daill\u00e9 d\u2019or d\u2019une des 9 \u00e9ditions pr\u00e9c\u00e9dentes) (2 ex-aequo)<br>Croissant au beurre, Boulangerie Bread Store \u00e0 Crissier (VD)<br>Thurgauer Mosttorte, Nafzger GmbH \u00e0 W\u00e4ngi (TG)<\/p>\n\n\n\n<h2 class=\"wp-block-heading\">Champions cantonaux<\/h2>\n\n\n\n<p><strong>AG <\/strong>B\u00e4ckerei Konditorei H\u00e4chler AG &#8211; Seengen<br><strong>AR <\/strong>B\u00e4ckerei Kast AG &#8211; Reute<br><strong>BE <\/strong>Chocolaterie &amp; Biscuiterie Christophe S\u00e0rl &#8211; Courtelary<br><strong>BL <\/strong>Kern Konditorei Caf\u00e9 GmbH &#8211; Laufen<br><strong>BS <\/strong>Confiserie Bachmann AG &#8211; Basel<br><strong>FR <\/strong>Aux Parfums Des Saisons S\u00e0rl &#8211; Bulle<br><strong>GE <\/strong>Boulangerie Oberson SA &#8211; Vernier<br><strong>GR <\/strong>Millefoglie Sagl &#8211; Poschiavo<br><strong>JU <\/strong>Confiserie Roelli &#8211; Porrentruy<br><strong>LU <\/strong>Ehliger B\u00e4ckerei Konditorei Confiserie &#8211; Hochdorf<br><strong>NE <\/strong>Tarterie du Littoral &#8211; Neuch\u00e2tel<br><strong>NW <\/strong>Christen Beck AG &#8211; Buochs<br><strong>OW <\/strong>Beck Berwert &#8211; Stalden<br><strong>SG <\/strong>Lichtensteiger AG B\u00e4ckerei &#8211; St. Gallen<br><strong>SH <\/strong>B\u00e4ckerei Konditorei am Schaubmarkt &#8211; Stein am Rhein<br><strong>SO <\/strong>CONFISERIE HOFER AG &#8211; Solothurn<br><strong>SZ <\/strong>Conditorei Schelbert AG &#8211; Muotathal<br><strong>TG <\/strong>B\u00e4ckerei-Confiserie Mohn &#8211; Sulgen<br><strong>TI <\/strong>Confiserie Al porto &#8211; Tenero<br><strong>VD <\/strong>Ackermann Artisan Boulanger S\u00e0rl &#8211; Grandson<br><strong>VS <\/strong>Taillens SA &#8211; Crans-Montana<br><strong>ZH<\/strong> Konditorei Voland AG &#8211; Steg im T\u00f6sstal<\/p>\n\n\n\n<p>Sur demande, le visuel des m\u00e9dailles peut \u00eatre obtenu aupr\u00e8s du secr\u00e9tariat \u00e0 <a href=\"mailto:info@lepain.ch\">info@lepain.ch<\/a>.<\/p>\n\n\n\n<p><strong>Finale romande et tessinoise des meilleur(e)s jeunes boulangers(\u00e8res)- p\u00e2tissiers(\u00e8res)<\/strong><br><strong>M\u00e9lissandre Gilli\u00e9ron<\/strong><br>Entreprise formatrice : Boulangerie Conrad SA, Le Landeron (NE)<br>Employeur : Boulangerie Conrad SA, Le Landeron (NE)<\/p>\n\n\n\n<h3 class=\"wp-block-heading\">Galerie photos<\/h3>\n\n\n\n<p><a href=\"https:\/\/www.flickr.com\/photos\/201723884@N03\/albums\">Les photos sont disponibles ici<\/a>. La galerie sera compl\u00e9t\u00e9e dans les prochains jours. <\/p>\n\n\n\n<div data-wp-interactive=\"core\/file\" class=\"wp-block-file\"><object data-wp-bind--hidden=\"!state.hasPdfPreview\" hidden class=\"wp-block-file__embed\" data=\"https:\/\/swissbakerytrophy.ch\/s\/wp-content\/uploads\/2024\/11\/SBT-2024_Medailles-par-entreprise-pour-site-internet-2.pdf\" type=\"application\/pdf\" style=\"width:100%;height:600px\" aria-label=\"Contenu embarqu\u00e9 SBT 2024_M\u00e9dailles par entreprise pour site internet.\"><\/object><a id=\"wp-block-file--media-abd4e692-44ae-4e9a-b676-16aed5c6d000\" href=\"https:\/\/swissbakerytrophy.ch\/s\/wp-content\/uploads\/2024\/11\/SBT-2024_Medailles-par-entreprise-pour-site-internet-2.pdf\">SBT 2024_M\u00e9dailles par entreprise pour site internet<\/a><a href=\"https:\/\/swissbakerytrophy.ch\/s\/wp-content\/uploads\/2024\/11\/SBT-2024_Medailles-par-entreprise-pour-site-internet-2.pdf\" class=\"wp-block-file__button wp-element-button\" download aria-describedby=\"wp-block-file--media-abd4e692-44ae-4e9a-b676-16aed5c6d000\">T\u00e9l\u00e9charger<\/a><\/div>\n","protected":false},"excerpt":{"rendered":"<p>Swiss Bakery Trophy Champion (Ce prix r\u00e9compense la meilleure moyenne sur la base de cinq produits)Ackermann Artisan Boulanger S\u00e0rl \u00e0 Grandson (VD) Prix pour le meilleur produit de boulangerieBaguette au levain aux graines, La Sarrasine S\u00e0rl \u00e0 Lucens (VD)Prix pour le meilleur produit de p\u00e2tisserieSchoggi-Rahmkirschtorte, Christen Beck AG \u00e0 Buochs (NW) Prix pour le meilleur &hellip; <\/p>\n<p class=\"link-more\"><a href=\"https:\/\/swissbakerytrophy.ch\/s\/palmares-2025-2027\/\" class=\"more-link\">Lire la suite de<span class=\"screen-reader-text\">\u00ab\u00a0Palmar\u00e8s 2025-2027\u00a0\u00bb<\/span><\/a><\/p>\n","protected":false},"author":1,"featured_media":202,"parent":0,"menu_order":0,"comment_status":"closed","ping_status":"closed","template":"","meta":{"footnotes":""},"class_list":["post-97","page","type-page","status-publish","has-post-thumbnail","hentry"],"_links":{"self":[{"href":"https:\/\/swissbakerytrophy.ch\/s\/wp-json\/wp\/v2\/pages\/97","targetHints":{"allow":["GET"]}}],"collection":[{"href":"https:\/\/swissbakerytrophy.ch\/s\/wp-json\/wp\/v2\/pages"}],"about":[{"href":"https:\/\/swissbakerytrophy.ch\/s\/wp-json\/wp\/v2\/types\/page"}],"author":[{"embeddable":true,"href":"https:\/\/swissbakerytrophy.ch\/s\/wp-json\/wp\/v2\/users\/1"}],"replies":[{"embeddable":true,"href":"https:\/\/swissbakerytrophy.ch\/s\/wp-json\/wp\/v2\/comments?post=97"}],"version-history":[{"count":18,"href":"https:\/\/swissbakerytrophy.ch\/s\/wp-json\/wp\/v2\/pages\/97\/revisions"}],"predecessor-version":[{"id":237,"href":"https:\/\/swissbakerytrophy.ch\/s\/wp-json\/wp\/v2\/pages\/97\/revisions\/237"}],"wp:featuredmedia":[{"embeddable":true,"href":"https:\/\/swissbakerytrophy.ch\/s\/wp-json\/wp\/v2\/media\/202"}],"wp:attachment":[{"href":"https:\/\/swissbakerytrophy.ch\/s\/wp-json\/wp\/v2\/media?parent=97"}],"curies":[{"name":"wp","href":"https:\/\/api.w.org\/{rel}","templated":true}]}}