{"id":116,"date":"2024-09-30T23:03:39","date_gmt":"2024-09-30T21:03:39","guid":{"rendered":"https:\/\/swissbakerytrophy.ch\/s\/levenement-national-de-la-boulangerie-patisserie-confiserie-artisanale-deutsch\/"},"modified":"2024-11-03T16:21:11","modified_gmt":"2024-11-03T15:21:11","slug":"levenement-national-de-la-boulangerie-patisserie-confiserie-artisanale-deutsch","status":"publish","type":"page","link":"https:\/\/swissbakerytrophy.ch\/s\/de\/levenement-national-de-la-boulangerie-patisserie-confiserie-artisanale-deutsch\/","title":{"rendered":"Die nationale Veranstaltung f\u00fcr handwerkliche B\u00e4ckereien, Konditoreien und Confiserien"},"content":{"rendered":"\n<h1 class=\"wp-block-heading\">Die besten handwerklichen B\u00e4cker-Konditor-Confiseure der Schweiz ausgezeichnet<\/h1>\n\n\n\n<p>Die 10. Ausgabe der Swiss Bakery Trophy findet vom 30. Oktober bis 3. November 2024 im Espace Gruy\u00e8re in Bulle (FR) statt. Dieser nationale Wettbewerb belohnt die Kreativit\u00e4t, die Originalit\u00e4t und das handwerkliche K\u00f6nnen eines Handwerkers. F\u00fcr einen B\u00e4cker-Konditor-Confiseur ist eine Medaille bei der Swiss Bakery Trophy die h\u00f6chste Auszeichnung, die man in der Branche erreichen kann.<\/p>\n\n\n\n<p>Rund 1300 Produkte werden w\u00e4hrend vier Tagen von 180 Fachleuten und 120 Konsumenten bewertet. Der nationale Wettbewerb der B\u00e4cker-Konditoren-Confiseure findet im Rahmen der Schweizer Gastromesse \u201eGo\u00fbts et Terroirs\u201c in der \u00d6ffentlichkeit statt. Er soll den Reichtum und die Qualit\u00e4t des Know-hows der Handwerker der Branche ins Rampenlicht stellen und den Beruf und seine Produkte bei den Konsumenten bekannt machen. Angesichts der immer st\u00e4rker werdenden Konkurrenz ist diese Veranstaltung eine unverzichtbare Marketingplattform, die es den Handwerkern erm\u00f6glicht, sich klar von den Superm\u00e4rkten und Discountern abzuheben.<\/p>\n\n\n\n<p><a href=\"https:\/\/swissbakerytrophy.ch\/s\/wp-content\/uploads\/2024\/11\/Swiss-Bakery-Trophy-2024_Pressemitteilung.pdf\" target=\"_blank\" rel=\"noreferrer noopener\">Pressemitteilung<\/a>\u00a0(PDF)<\/p>\n\n\n\n<h2 class=\"wp-block-heading\">vom 30. Oktober bis 3. November 2024 in Bulle<\/h2>\n\n\n\n<p>Renseignements:<\/p>\n\n\n\n<p>ARABPC<br>Catherine Oberson<br>T\u00e9l. 026 919 87 51<\/p>\n\n\n\n<div class=\"wp-block-buttons is-layout-flex wp-block-buttons-is-layout-flex\">\n<div class=\"wp-block-button\"><a class=\"wp-block-button__link wp-element-button\" href=\"mailto:info@lepain.ch\">info@lepain.ch<\/a><\/div>\n<\/div>\n\n\n\n<div style=\"height:100px\" aria-hidden=\"true\" class=\"wp-block-spacer\"><\/div>\n\n\n\n<div class=\"wp-block-media-text is-stacked-on-mobile is-image-fill\"><figure class=\"wp-block-media-text__media\" style=\"background-image:url(https:\/\/swissbakerytrophy.ch\/s\/wp-content\/uploads\/2024\/09\/image-819x1024.webp);background-position:50% 50%\"><img loading=\"lazy\" decoding=\"async\" width=\"819\" height=\"1024\" src=\"https:\/\/swissbakerytrophy.ch\/s\/wp-content\/uploads\/2024\/09\/image-819x1024.webp\" alt=\"\" class=\"wp-image-70 size-full\" srcset=\"https:\/\/swissbakerytrophy.ch\/s\/wp-content\/uploads\/2024\/09\/image-819x1024.webp 819w, https:\/\/swissbakerytrophy.ch\/s\/wp-content\/uploads\/2024\/09\/image-240x300.webp 240w, https:\/\/swissbakerytrophy.ch\/s\/wp-content\/uploads\/2024\/09\/image.webp 1068w\" sizes=\"auto, (max-width: 819px) 100vw, 819px\" \/><\/figure><div class=\"wp-block-media-text__content\">\n<h3 class=\"wp-block-heading\">Nationaler H\u00f6hepunkt des handwerklichen B\u00e4ckerei-Konditorei-Confiserie-Gewerbes<\/h3>\n\n\n\n<p class=\"has-secondary-color has-text-color has-link-color wp-elements-1568527a803eac1efaaff60d6cf5f6c0\">Vielfalt, Kreativit\u00e4t und Tradition<\/p>\n\n\n\n<p>Die 10. Swiss Bakery Trophy beeindruckt vom 30. Oktober bis zum 3 November 2024 durch tausenderlei Geschm\u00e4cker und D\u00fcfte im zauberhaften Rahmen der Schweizer Messe f\u00fcr heimische Gen\u00fcsse \u201cGo\u00fbts &amp; Terroirs\u201c in Bulle. Zum Leitfaden dieses Treffens des B\u00e4cker- Konditor-Confiseur-Gewerbes wurden drei Themen erkoren\u2009: Vielfalt, Kreativit\u00e4t und Tradition. Als Schaufenster des ganzen Reichtums der Produkte und Spezialit\u00e4ten, die in unserem Land hergestellt werden, ist diese nationale Veranstaltung zum Referenzwettbewerb f\u00fcr die handwerklichen B\u00e4ckereien, Konditoreien und Confiserien aus der ganzen Schweiz geworden. Diesen Herbst werden etwa 45\u2019000 Feinschmecker die Gelegenheit haben, sich von der Dynamik, der Kreativit\u00e4t und Spitzenqualit\u00e4t unseres Handwerks zu \u00fcberzeugen.<\/p>\n\n\n\n<p>Ein Preis wird an das beste Produkt jeder Kategorie (B\u00e4ckerei, Konditorei, Confiserie und Snack-Traiteur) vergeben, das den h\u00f6chsten allgemeinen Durchschnitt erzielte. Zus\u00e4tzlich gibt es den Preis \u201cBernhard Aebersold\u201c. Dieser wird demjenigen Produkt zuteil, das vom Organisationskomitee als die kreativste Idee und Ausf\u00fchrung gekr\u00f6nt wurde. Schliesslich werden Preise an die Kantone vergeben\u2009: es wird das beste Unternehmen aus jedem Kanton belohnt, das den h\u00f6chsten Durchschnitt der f\u00fcnf vorgestellten Produkte erh\u00e4lt. Die Experten sowie die Konsumenten, die die Spezialit\u00e4ten bewerten, kommentieren jedes Produkt. Danach wird der Bericht mit den Ergebnissen an die Produzenten versandt.<\/p>\n\n\n\n<p>B\u00e4cker, Konditoren und Confiseure verpasst diese einmalige Gelegenheit nicht, Eure Produkte ins Scheinwerferlicht zu stellen! Um teilzunehmen gen\u00fcgt es, uns Eure Spezialit\u00e4ten f\u00fcr die Ausstellung zuzustellen. Die an der Swiss Bakery Trophy gewonnenen Gold-, Silber- oder Bronzemedaillen sind starke Werbetr\u00e4ger, die Eure Leistung, Euren Einsatz und Eure Hingabe an Euren Beruf unterstreichen.<\/p>\n\n\n\n<p>Wir freuen uns auf Eure Teilnahme an der 10. Swiss Bakery Trophy 2024 in Bulle.<\/p>\n<\/div><\/div>\n\n\n\n<div style=\"height:100px\" aria-hidden=\"true\" class=\"wp-block-spacer\"><\/div>\n\n\n\n<div class=\"wp-block-media-text has-media-on-the-right is-stacked-on-mobile is-image-fill\"><div class=\"wp-block-media-text__content\">\n<h2 class=\"wp-block-heading\">Ereignis organisiert durch<\/h2>\n\n\n\n<figure class=\"wp-block-image\"><img decoding=\"async\" src=\"https:\/\/swissbakerytrophy.ch\/img\/400xNxlepain.png.pagespeed.ic.8MR-AiBjn5.webp\" alt=\"\"\/><\/figure>\n<\/div><figure class=\"wp-block-media-text__media\" style=\"background-image:url(https:\/\/swissbakerytrophy.ch\/s\/wp-content\/uploads\/2024\/09\/image-2-1024x555.jpeg);background-position:100% 50%\"><img loading=\"lazy\" decoding=\"async\" width=\"1024\" height=\"555\" src=\"https:\/\/swissbakerytrophy.ch\/s\/wp-content\/uploads\/2024\/09\/image-2-1024x555.jpeg\" alt=\"\" class=\"wp-image-73 size-full\" srcset=\"https:\/\/swissbakerytrophy.ch\/s\/wp-content\/uploads\/2024\/09\/image-2-1024x555.jpeg 1024w, https:\/\/swissbakerytrophy.ch\/s\/wp-content\/uploads\/2024\/09\/image-2-300x163.jpeg 300w, https:\/\/swissbakerytrophy.ch\/s\/wp-content\/uploads\/2024\/09\/image-2-2000x1085.jpeg 2000w\" sizes=\"auto, (max-width: 1024px) 100vw, 1024px\" \/><\/figure><\/div>\n\n\n\n<div style=\"height:100px\" aria-hidden=\"true\" class=\"wp-block-spacer\"><\/div>\n\n\n\n<div class=\"wp-block-group has-global-padding is-layout-constrained wp-block-group-is-layout-constrained\">\n<h3 class=\"wp-block-heading\">Unsere Partner<\/h3>\n\n\n\n<div class=\"wp-block-group is-layout-flow wp-block-group-is-layout-flow\">\n<h2 class=\"wp-block-heading has-large-font-size\">Sie teilen unsere Leidenschaften und wir danken Ihnen<\/h2>\n<\/div>\n<\/div>\n\n\n\n<div class=\"wp-block-columns is-layout-flex wp-container-core-columns-is-layout-28f84493 wp-block-columns-is-layout-flex\">\n<div class=\"wp-block-column is-layout-flow wp-block-column-is-layout-flow\">\n<figure class=\"wp-block-gallery has-nested-images columns-default is-cropped wp-block-gallery-1 is-layout-flex wp-block-gallery-is-layout-flex\">\n<figure class=\"wp-block-image\"><a href=\"https:\/\/www.fpe-ciga.ch\/\" target=\"_blank\" rel=\"noreferrer noopener\"><img decoding=\"async\" src=\"https:\/\/swissbakerytrophy.ch\/img\/partenaires\/xfpe.jpg.pagespeed.ic.Xr5YjO6c98.webp\" alt=\"F\u00e9d\u00e9ration Patronale et \u00c9conomique\" style=\"object-fit:cover\"\/><\/a><\/figure>\n\n\n\n<figure class=\"wp-block-image\"><a href=\"https:\/\/www.gmsa.ch\/\" target=\"_blank\" rel=\"noreferrer noopener\"><img decoding=\"async\" src=\"https:\/\/swissbakerytrophy.ch\/img\/partenaires\/xgmsa.jpg.pagespeed.ic.Ssq9AnAfKB.webp\" alt=\"GMSA\"\/><\/a><\/figure>\n\n\n\n<figure class=\"wp-block-image wp-container-content-69bc4bdf\"><a href=\"https:\/\/www.pistor.ch\/fr\/home\" target=\"_blank\" rel=\"noreferrer noopener\"><img decoding=\"async\" src=\"https:\/\/swissbakerytrophy.ch\/img\/partenaires\/xpistor.jpg.pagespeed.ic.9oh7r1jAS9.webp\" alt=\"Pistor\"\/><\/a><\/figure>\n<\/figure>\n<\/div>\n\n\n\n<div class=\"wp-block-column is-layout-flow wp-block-column-is-layout-flow\">\n<figure class=\"wp-block-gallery has-nested-images columns-default is-cropped wp-block-gallery-2 is-layout-flex wp-block-gallery-is-layout-flex\">\n<figure class=\"wp-block-image\"><a href=\"https:\/\/pitec.ch\/\" target=\"_blank\" rel=\"noreferrer noopener\"><img decoding=\"async\" src=\"https:\/\/swissbakerytrophy.ch\/img\/partenaires\/xpitec.jpg,qv3.pagespeed.ic.VOUKb0aC0f.webp\" alt=\"Pitec\"\/><\/a><\/figure>\n\n\n\n<figure class=\"wp-block-image\"><a href=\"https:\/\/www.swissbaker.ch\/\" target=\"_blank\" rel=\"noreferrer noopener\"><img decoding=\"async\" src=\"https:\/\/swissbakerytrophy.ch\/img\/partenaires\/xsbc.jpg.pagespeed.ic.30VULctbeu.webp\" alt=\"Boulangers-P\u00e2tissiers-Confiseurs suisses\"\/><\/a><\/figure>\n\n\n\n<figure class=\"wp-block-image\"><a href=\"https:\/\/www.safeatwork.ch\/fr\" target=\"_blank\" rel=\"noreferrer noopener\"><img decoding=\"async\" src=\"https:\/\/swissbakerytrophy.ch\/img\/partenaires\/xsafeatwork.jpg.pagespeed.ic.ejr8H7Z1Iq.webp\" alt=\"Safe At Work\"\/><\/a><\/figure>\n<\/figure>\n<\/div>\n<\/div>\n\n\n\n<div style=\"height:100px\" aria-hidden=\"true\" class=\"wp-block-spacer\"><\/div>\n\n\n\n<p><\/p>\n","protected":false},"excerpt":{"rendered":"<p>Die besten handwerklichen B\u00e4cker-Konditor-Confiseure der Schweiz ausgezeichnet Die 10. Ausgabe der Swiss Bakery Trophy findet vom 30. Oktober bis 3. November 2024 im Espace Gruy\u00e8re in Bulle (FR) statt. Dieser nationale Wettbewerb belohnt die Kreativit\u00e4t, die Originalit\u00e4t und das handwerkliche K\u00f6nnen eines Handwerkers. F\u00fcr einen B\u00e4cker-Konditor-Confiseur ist eine Medaille bei der Swiss Bakery Trophy die &hellip; <\/p>\n<p class=\"link-more\"><a href=\"https:\/\/swissbakerytrophy.ch\/s\/de\/levenement-national-de-la-boulangerie-patisserie-confiserie-artisanale-deutsch\/\" class=\"more-link\">Lire la suite de<span class=\"screen-reader-text\">\u00ab\u00a0Die nationale Veranstaltung f\u00fcr handwerkliche B\u00e4ckereien, Konditoreien und Confiserien\u00a0\u00bb<\/span><\/a><\/p>\n","protected":false},"author":1,"featured_media":0,"parent":0,"menu_order":0,"comment_status":"closed","ping_status":"closed","template":"","meta":{"footnotes":""},"class_list":["post-116","page","type-page","status-publish","hentry"],"_links":{"self":[{"href":"https:\/\/swissbakerytrophy.ch\/s\/wp-json\/wp\/v2\/pages\/116","targetHints":{"allow":["GET"]}}],"collection":[{"href":"https:\/\/swissbakerytrophy.ch\/s\/wp-json\/wp\/v2\/pages"}],"about":[{"href":"https:\/\/swissbakerytrophy.ch\/s\/wp-json\/wp\/v2\/types\/page"}],"author":[{"embeddable":true,"href":"https:\/\/swissbakerytrophy.ch\/s\/wp-json\/wp\/v2\/users\/1"}],"replies":[{"embeddable":true,"href":"https:\/\/swissbakerytrophy.ch\/s\/wp-json\/wp\/v2\/comments?post=116"}],"version-history":[{"count":2,"href":"https:\/\/swissbakerytrophy.ch\/s\/wp-json\/wp\/v2\/pages\/116\/revisions"}],"predecessor-version":[{"id":186,"href":"https:\/\/swissbakerytrophy.ch\/s\/wp-json\/wp\/v2\/pages\/116\/revisions\/186"}],"wp:attachment":[{"href":"https:\/\/swissbakerytrophy.ch\/s\/wp-json\/wp\/v2\/media?parent=116"}],"curies":[{"name":"wp","href":"https:\/\/api.w.org\/{rel}","templated":true}]}}